{"id":44,"date":"2019-02-20T10:01:46","date_gmt":"2019-02-20T10:01:46","guid":{"rendered":"http:\/\/ouderenpsychologie-made.nl\/?page_id=44"},"modified":"2019-02-20T10:13:09","modified_gmt":"2019-02-20T10:13:09","slug":"voor-verwijzers","status":"publish","type":"page","link":"https:\/\/ouderenpsychologie-made.nl\/?page_id=44","title":{"rendered":"Voor verwijzers"},"content":{"rendered":"\n<p>Verwijzers zoals huisartsen kunnen hun cli\u00ebnten het\ntelefoonnummer van mijn praktijk geven en de cli\u00ebnt rechtstreeks laten bellen.<\/p>\n\n\n\n<p>Twijfelt u als verwijzer of een cli\u00ebnt wel past in mijn praktijk dan is het uiteraard mogelijk om hierover met mij te overleggen. U kunt mij bereiken op 06-48276215 (of via info@ouderenpsychologie-made.nl). Mocht ik niet direct in de gelegenheid zijn om de telefoon aan te nemen dan bel ik in principe altijd dezelfde dag nog terug voor overleg. <\/p>\n\n\n\n<p>Als de cli\u00ebnt in aanmerking wil komen voor een vergoeding\ndan heeft hij altijd een verwijsbrief van een arts nodig.<\/p>\n","protected":false},"excerpt":{"rendered":"<p>Verwijzers zoals huisartsen kunnen hun cli\u00ebnten het telefoonnummer van mijn praktijk geven en de cli\u00ebnt rechtstreeks laten bellen. Twijfelt u als verwijzer of een cli\u00ebnt wel past in mijn praktijk dan is het uiteraard mogelijk om hierover met mij te overleggen. U kunt mij bereiken op 06-48276215 (of via info@ouderenpsychologie-made.nl). Mocht ik niet direct in [&hellip;]<\/p>\n","protected":false},"author":1,"featured_media":0,"parent":0,"menu_order":0,"comment_status":"closed","ping_status":"closed","template":"","meta":{"footnotes":""},"class_list":["post-44","page","type-page","status-publish","hentry"],"_links":{"self":[{"href":"https:\/\/ouderenpsychologie-made.nl\/index.php?rest_route=\/wp\/v2\/pages\/44","targetHints":{"allow":["GET"]}}],"collection":[{"href":"https:\/\/ouderenpsychologie-made.nl\/index.php?rest_route=\/wp\/v2\/pages"}],"about":[{"href":"https:\/\/ouderenpsychologie-made.nl\/index.php?rest_route=\/wp\/v2\/types\/page"}],"author":[{"embeddable":true,"href":"https:\/\/ouderenpsychologie-made.nl\/index.php?rest_route=\/wp\/v2\/users\/1"}],"replies":[{"embeddable":true,"href":"https:\/\/ouderenpsychologie-made.nl\/index.php?rest_route=%2Fwp%2Fv2%2Fcomments&post=44"}],"version-history":[{"count":3,"href":"https:\/\/ouderenpsychologie-made.nl\/index.php?rest_route=\/wp\/v2\/pages\/44\/revisions"}],"predecessor-version":[{"id":66,"href":"https:\/\/ouderenpsychologie-made.nl\/index.php?rest_route=\/wp\/v2\/pages\/44\/revisions\/66"}],"wp:attachment":[{"href":"https:\/\/ouderenpsychologie-made.nl\/index.php?rest_route=%2Fwp%2Fv2%2Fmedia&parent=44"}],"curies":[{"name":"wp","href":"https:\/\/api.w.org\/{rel}","templated":true}]}}